{"id":104,"date":"2020-06-21T10:34:16","date_gmt":"2020-06-21T10:34:16","guid":{"rendered":"https:\/\/www.lomescolainfantil.com\/?page_id=104"},"modified":"2025-01-24T10:18:47","modified_gmt":"2025-01-24T10:18:47","slug":"inicio","status":"publish","type":"page","link":"https:\/\/www.lomescolainfantil.com\/","title":{"rendered":"Inicio"},"content":{"rendered":"\n<p class=\"has-medium-font-size\"><\/p>\n\n\n\n<hr class=\"wp-block-separator has-text-color has-cyan-bluish-gray-color has-alpha-channel-opacity has-cyan-bluish-gray-background-color has-background\"\/>\n\n\n\n<p>En nuestra escuela sabemos de la importancia del amor hacia la infancia para un buen desarrollo de su autoestima y un buen concepto de si mismos. Por eso todas las emociones son aceptadas, acogidas y acompa\u00f1adas. Para nosotras no hay emociones \u201cbuenas\u201d o \u201cmalas\u201d, hay emociones que se est\u00e1n dando y deben ser atendidas con todo el amor y respeto.<\/p>\n\n\n\n<p>L&#8217;Om es una escuela libre viva y activa donde se fomenta la autonom\u00eda, la creatividad y el aprendizaje a trav\u00e9s de la exploraci\u00f3n y la experimentaci\u00f3n. En nuestro espacio las ni\u00f1as y los ni\u00f1os tienen la libertad de elegir qu\u00e9 y c\u00f3mo quieren jugar, siendo ellos los protagonistas de su aprendizaje.<\/p>\n\n\n\n<h3 class=\"wp-block-heading has-text-align-center has-white-color has-text-color has-background has-link-color wp-elements-4df7a0d019dbb66943605bd4dbb9ab23\" style=\"background-color:#c1e6da\"><em>NUESTRO<\/em> ESPACIO SE BASA EN ESTOS TRES PILARES FUNDAMENTALES<\/h3>\n\n\n\n<div class=\"wp-block-media-text is-stacked-on-mobile\"><figure class=\"wp-block-media-text__media\"><img loading=\"lazy\" decoding=\"async\" width=\"768\" height=\"1024\" src=\"https:\/\/www.lomescolainfantil.com\/wp-content\/uploads\/2025\/01\/WhatsApp-Image-2023-10-23-at-22.06.01-768x1024.jpeg\" alt=\"Respeto y autonom\u00eda\" class=\"wp-image-1079 size-full\" srcset=\"https:\/\/www.lomescolainfantil.com\/wp-content\/uploads\/2025\/01\/WhatsApp-Image-2023-10-23-at-22.06.01-768x1024.jpeg 768w, https:\/\/www.lomescolainfantil.com\/wp-content\/uploads\/2025\/01\/WhatsApp-Image-2023-10-23-at-22.06.01-225x300.jpeg 225w, https:\/\/www.lomescolainfantil.com\/wp-content\/uploads\/2025\/01\/WhatsApp-Image-2023-10-23-at-22.06.01-1152x1536.jpeg 1152w, https:\/\/www.lomescolainfantil.com\/wp-content\/uploads\/2025\/01\/WhatsApp-Image-2023-10-23-at-22.06.01.jpeg 1536w\" sizes=\"(max-width: 768px) 100vw, 768px\" \/><\/figure><div class=\"wp-block-media-text__content\">\n<p><strong>AUTONOMIA<\/strong><\/p>\n\n\n\n<p>La autonom\u00eda en la primera infancia es fundamental para el desarrollo integral de los ni\u00f1os y ni\u00f1as, por eso en nuestro espacio la trabajamos y acompa\u00f1amos d\u00eda a d\u00eda.<\/p>\n\n\n\n<p>Cuando las ni\u00f1as y los ni\u00f1os tienen la oportunidad de tomar decisiones y realizar acciones por s\u00ed mismos, desarrollan confianza en sus habilidades y capacidades favoreciendo as\u00ed su autoestima. Ayud\u00e1ndoles a ganar independencia y a adquirir habilidades para desenvolverse de manera aut\u00f3noma. Esto permite a los ni\u00f1os y las ni\u00f1as exploren, experimenten y descubran el mundo que los rodea, lo que fomenta su creatividad y su curiosidad por aprender.<br><br>A medida que van creciendo y puedan ir tomando decisiones y resolviendo problemas por s\u00ed mismos, los ni\u00f1os y las ni\u00f1as aprender\u00e1n a comunicarse, negociar y colaborar con los dem\u00e1s, lo que contribuir\u00e1 al desarrollo de habilidades sociales.<\/p>\n\n\n\n<p>Fomentar y acompa\u00f1ar la autonom\u00eda es uno de nuestros pilares porque sabemos que es crucial para el desarrollo emocional, social e intelectual, de cada ni\u00f1a y cada ni\u00f1o, ya que les brinda la oportunidad de crecer como individuos seguros de s\u00ed mismos, capaces de enfrentar desaf\u00edos y adaptarse a nuevas situaciones que les pueda presentar la vida.<\/p>\n<\/div><\/div>\n\n\n\n<div class=\"wp-block-media-text has-media-on-the-right is-stacked-on-mobile\"><div class=\"wp-block-media-text__content\">\n<p><strong>LIMITES Y LIBERTAD<\/strong><\/p>\n\n\n\n<p>Una escuela libre no es sin\u00f3nimo de ausencia de l\u00edmites y normas.<\/p>\n\n\n\n<p>Los l\u00edmites proporcionan a las ni\u00f1as y los ni\u00f1os un marco seguro y predecible en el cual pueden desenvolverse, lo que les brinda seguridad emocional y les ayuda a comprender las expectativas y reglas del entorno. Tambi\u00e9n les ense\u00f1an las consecuencias de sus acciones, lo que nosotras llamamos consecuencias naturales.<br><br>Poco a poco y a su ritmo van aprendiendo la importancia de respetar los derechos y necesidades de los dem\u00e1s, promoviendo as\u00ed habilidades sociales como la empat\u00eda, la colaboraci\u00f3n y el respeto mutuo.<br><br>Para nosotras es importante trabajar y acompa\u00f1ar cada d\u00eda las normas y los l\u00edmites de nuestro espacio ya que proporcionan a las ni\u00f1as y los ni\u00f1os un equilibrio entre la exploraci\u00f3n y la seguridad, permiti\u00e9ndoles crecer de manera saludable y desarrollar habilidades importantes para su bienestar emocional, social e intelectual.<\/p>\n<\/div><figure class=\"wp-block-media-text__media\"><img loading=\"lazy\" decoding=\"async\" width=\"768\" height=\"1024\" src=\"https:\/\/www.lomescolainfantil.com\/wp-content\/uploads\/2025\/01\/WhatsApp-Image-2025-01-03-at-13.06.39-768x1024.jpeg\" alt=\"Limites y libertad\" class=\"wp-image-1082 size-full\" srcset=\"https:\/\/www.lomescolainfantil.com\/wp-content\/uploads\/2025\/01\/WhatsApp-Image-2025-01-03-at-13.06.39-768x1024.jpeg 768w, https:\/\/www.lomescolainfantil.com\/wp-content\/uploads\/2025\/01\/WhatsApp-Image-2025-01-03-at-13.06.39-225x300.jpeg 225w, https:\/\/www.lomescolainfantil.com\/wp-content\/uploads\/2025\/01\/WhatsApp-Image-2025-01-03-at-13.06.39-1152x1536.jpeg 1152w, https:\/\/www.lomescolainfantil.com\/wp-content\/uploads\/2025\/01\/WhatsApp-Image-2025-01-03-at-13.06.39.jpeg 1200w\" sizes=\"(max-width: 768px) 100vw, 768px\" \/><\/figure><\/div>\n\n\n\n<div class=\"wp-block-media-text is-stacked-on-mobile\"><figure class=\"wp-block-media-text__media\"><img loading=\"lazy\" decoding=\"async\" width=\"480\" height=\"640\" src=\"https:\/\/www.lomescolainfantil.com\/wp-content\/uploads\/2024\/05\/photo-10-2.jpg\" alt=\"Acompa\u00f1amiento emocional\" class=\"wp-image-1012 size-full\" srcset=\"https:\/\/www.lomescolainfantil.com\/wp-content\/uploads\/2024\/05\/photo-10-2.jpg 480w, https:\/\/www.lomescolainfantil.com\/wp-content\/uploads\/2024\/05\/photo-10-2-225x300.jpg 225w\" sizes=\"(max-width: 480px) 100vw, 480px\" \/><\/figure><div class=\"wp-block-media-text__content\">\n<p><strong>ACOMPA\u00d1AMIENTO EMOCIONAL<\/strong><\/p>\n\n\n\n<p>En nuestro espacio todas las emociones son bienvenidas, no hay emociones \u201cbuenas\u201d o \u201cmalas\u201d, hay emociones que se est\u00e1n dando y deben ser atendidas con todo el amor y el respeto que se merece cada ni\u00f1a y cada ni\u00f1o.<\/p>\n\n\n\n<p>A trav\u00e9s de este acompa\u00f1amiento y a medida que van creciendo esto les ayuda a identificar, comprender y expresar sus emociones, lo que sienta las bases para el bienestar emocional a lo largo de sus vidas. Adem\u00e1s, fortalece el v\u00ednculo afectivo entre las ni\u00f1as y los ni\u00f1os y sus acompa\u00f1antes, lo que les brinda seguridad emocional en el espacio y les permite desarrollar relaciones sanas.<br>A estas edades tan tempranas a\u00fan no tienen plenamente desarrollada la capacidad f\u00edsica de regular sus emociones, viven en el aqu\u00ed y ahora, son \u201cpura emoci\u00f3n\u201d. Por tanto, acompa\u00f1arles desde el amor y el respeto en sus estados emocionales, les proporciona herramientas y estrategias para aprender a manejar sus sentimientos y emociones de manera sana lo que les ayuda a desarrollar una autoimagen positiva y una sana autoestima, lo que les permite enfrentar los desaf\u00edos con confianza y seguridad en s\u00ed mismos, ayud\u00e1ndoles a afrontar y superar adversidades de manera saludable, promoviendo su resiliencia emocional y su habilidad para adaptarse a situaciones dif\u00edciles.<\/p>\n<\/div><\/div>\n","protected":false},"excerpt":{"rendered":"<p>En nuestra escuela sabemos de la importancia del amor hacia la infancia para un buen desarrollo de su autoestima y un buen concepto de si mismos. Por eso todas las emociones son aceptadas, acogidas y acompa\u00f1adas. Para nosotras no hay emociones \u201cbuenas\u201d o \u201cmalas\u201d, hay emociones que se est\u00e1n dando y deben ser atendidas con<span class=\"post-excerpt-end\">&hellip;<\/span><\/p>\n<p class=\"more-link\"><a href=\"https:\/\/www.lomescolainfantil.com\/\" class=\"themebutton\">Leer m\u00e1s<\/a><\/p>\n","protected":false},"author":1,"featured_media":209,"parent":0,"menu_order":0,"comment_status":"closed","ping_status":"closed","template":"","meta":{"footnotes":"","_joinchat":[]},"_links":{"self":[{"href":"https:\/\/www.lomescolainfantil.com\/index.php\/wp-json\/wp\/v2\/pages\/104"}],"collection":[{"href":"https:\/\/www.lomescolainfantil.com\/index.php\/wp-json\/wp\/v2\/pages"}],"about":[{"href":"https:\/\/www.lomescolainfantil.com\/index.php\/wp-json\/wp\/v2\/types\/page"}],"author":[{"embeddable":true,"href":"https:\/\/www.lomescolainfantil.com\/index.php\/wp-json\/wp\/v2\/users\/1"}],"replies":[{"embeddable":true,"href":"https:\/\/www.lomescolainfantil.com\/index.php\/wp-json\/wp\/v2\/comments?post=104"}],"version-history":[{"count":40,"href":"https:\/\/www.lomescolainfantil.com\/index.php\/wp-json\/wp\/v2\/pages\/104\/revisions"}],"predecessor-version":[{"id":1088,"href":"https:\/\/www.lomescolainfantil.com\/index.php\/wp-json\/wp\/v2\/pages\/104\/revisions\/1088"}],"wp:featuredmedia":[{"embeddable":true,"href":"https:\/\/www.lomescolainfantil.com\/index.php\/wp-json\/wp\/v2\/media\/209"}],"wp:attachment":[{"href":"https:\/\/www.lomescolainfantil.com\/index.php\/wp-json\/wp\/v2\/media?parent=104"}],"curies":[{"name":"wp","href":"https:\/\/api.w.org\/{rel}","templated":true}]}}